{"id":2398,"date":"2017-02-27T03:23:39","date_gmt":"2017-02-27T03:23:39","guid":{"rendered":"http:\/\/ipcb.org.br\/index\/?page_id=2398"},"modified":"2021-03-08T14:32:41","modified_gmt":"2021-03-08T14:32:41","slug":"links-indicados","status":"publish","type":"page","link":"https:\/\/ipcb.org.br\/index\/links-indicados\/","title":{"rendered":"Links Indicados"},"content":{"rendered":"<p>&nbsp;<\/p>\n<p>\u00b7\u00a0\u00a0\u00a0\u00a0\u00a0\u00a0\u00a0\u00a0 John Stevenson: <a href=\"http:\/\/www.angelfire.com\/nt\/theology\/jts.html\">www.angelfire.com\/nt\/theology\/jts.html<\/a><\/p>\n<p>\u00b7\u00a0\u00a0\u00a0\u00a0\u00a0\u00a0\u00a0\u00a0 Editora Cultura Crist\u00e3: <a href=\"http:\/\/www.editoraculturacrista.com.br\/\">http:\/\/www.editoraculturacrista.com.br\/<\/a><\/p>\n<p>\u00b7\u00a0\u00a0\u00a0\u00a0\u00a0\u00a0\u00a0\u00a0 Editora FIEL: <a href=\"http:\/\/www.editorafiel.com.br\/\">http:\/\/www.editorafiel.com.br\/<\/a><\/p>\n<p>\u00b7\u00a0\u00a0\u00a0\u00a0\u00a0\u00a0\u00a0\u00a0 Reverendo Hernandes Dias Lopes: <a href=\"http:\/\/hernandesdiaslopes.com.br\/\">http:\/\/hernandesdiaslopes.com.br\/<\/a><\/p>\n<p>\u00b7\u00a0\u00a0\u00a0\u00a0\u00a0\u00a0\u00a0\u00a0 Monergismo: <a href=\"http:\/\/www.monergismo.com\/\">http:\/\/www.monergismo.com\/<\/a><\/p>\n<p>\u00b7\u00a0\u00a0\u00a0\u00a0\u00a0\u00a0\u00a0\u00a0 Semin\u00e1rio Jos\u00e9 Manoel da Concei\u00e7\u00e3o: <a href=\"http:\/\/www.seminariojmc.br\/home.asp\">http:\/\/www.seminariojmc.br\/home.asp<\/a><\/p>\n<p>\u00b7\u00a0\u00a0\u00a0\u00a0\u00a0\u00a0\u00a0\u00a0 Sociedade Origem e Destino: <a href=\"http:\/\/www.origemedestino.org.br\/index.html\">http:\/\/www.origemedestino.org.br\/index.html<\/a><\/p>\n<p>\u00b7\u00a0\u00a0\u00a0\u00a0\u00a0\u00a0\u00a0\u00a0 Biblioteca Reformada: <a href=\"http:\/\/www.iglesiareformada.com\/Portugues.html\">http:\/\/www.iglesiareformada.com\/Portugues.html<\/a><\/p>\n<p>\u00b7\u00a0\u00a0\u00a0\u00a0\u00a0\u00a0\u00a0\u00a0 Gracia Soberana: <a href=\"http:\/\/www.graciasoberana.com\/\">http:\/\/www.graciasoberana.com\/<\/a><\/p>\n<p>\u00b7\u00a0\u00a0\u00a0\u00a0\u00a0\u00a0\u00a0\u00a0 Igreja Reformada no Canad\u00e1: <a href=\"http:\/\/www.igrejareformada.ca\/boas_vindas\">http:\/\/www.igrejareformada.ca\/boas_vindas<\/a><\/p>\n<p>\u00b7\u00a0\u00a0\u00a0\u00a0\u00a0\u00a0\u00a0\u00a0 Solano Portela: <a href=\"http:\/\/www.solanoportela.net\/\">http:\/\/www.solanoportela.net\/<\/a><\/p>\n<p>\u00b7\u00a0\u00a0\u00a0\u00a0\u00a0\u00a0\u00a0\u00a0 Grace Online Library:\u00a0 <a href=\"http:\/\/www.graceonlinelibrary.org\/\">http:\/\/www.graceonlinelibrary.org\/<\/a><\/p>\n<p>\u00b7\u00a0\u00a0\u00a0\u00a0\u00a0\u00a0\u00a0\u00a0 John Piper: <a href=\"http:\/\/pt.desiringgod.org\/\">http:\/\/pt.desiringgod.org\/<\/a><\/p>\n<p>\u00b7\u00a0\u00a0\u00a0\u00a0\u00a0\u00a0\u00a0\u00a0 Voltemos ao Evangelho: <a href=\"http:\/\/voltemosaoevangelho.com\/blog\/\">http:\/\/voltemosaoevangelho.com\/blog\/<\/a><\/p>\n<p>\u00b7\u00a0\u00a0\u00a0\u00a0\u00a0\u00a0\u00a0\u00a0 Solus Christus: <a href=\"http:\/\/www.soluschristus.com.br\">www.soluschristus.com.br<\/a><\/p>\n<p>\u00b7\u00a0\u00a0\u00a0\u00a0\u00a0\u00a0\u00a0\u00a0 Instituto Gra\u00e7a Irresist\u00edvel: <a href=\"http:\/\/ibgi.net.br\/\">http:\/\/ibgi.net.br\/<\/a><\/p>\n<p>\u00b7\u00a0\u00a0\u00a0\u00a0\u00a0\u00a0\u00a0\u00a0 <a href=\"http:\/\/www.desiringgod.org\">www.desiringgod.org<\/a><\/p>\n<p>\u00b7\u00a0\u00a0\u00a0\u00a0\u00a0\u00a0\u00a0\u00a0 <a href=\"http:\/\/www.teologiadocaminho.blogspot.com.br\">teologiadocaminho.blogspot.com.br<\/a><\/p>\n<p>\u00b7\u00a0\u00a0\u00a0\u00a0\u00a0\u00a0\u00a0\u00a0 <a href=\"http:\/\/www.monergism.com\">www.monergism.com<\/a><\/p>\n","protected":false},"excerpt":{"rendered":"<p>&nbsp; \u00b7\u00a0\u00a0\u00a0\u00a0\u00a0\u00a0\u00a0\u00a0 John Stevenson: www.angelfire.com\/nt\/theology\/jts.html \u00b7\u00a0\u00a0\u00a0\u00a0\u00a0\u00a0\u00a0\u00a0 Editora Cultura Crist\u00e3: http:\/\/www.editoraculturacrista.com.br\/ \u00b7\u00a0\u00a0\u00a0\u00a0\u00a0\u00a0\u00a0\u00a0 Editora FIEL: http:\/\/www.editorafiel.com.br\/ \u00b7\u00a0\u00a0\u00a0\u00a0\u00a0\u00a0\u00a0\u00a0 Reverendo Hernandes Dias Lopes: http:\/\/hernandesdiaslopes.com.br\/ \u00b7\u00a0\u00a0\u00a0\u00a0\u00a0\u00a0\u00a0\u00a0 Monergismo: http:\/\/www.monergismo.com\/ \u00b7\u00a0\u00a0\u00a0\u00a0\u00a0\u00a0\u00a0\u00a0 Semin\u00e1rio Jos\u00e9 Manoel da Concei\u00e7\u00e3o: http:\/\/www.seminariojmc.br\/home.asp \u00b7\u00a0\u00a0\u00a0\u00a0\u00a0\u00a0\u00a0\u00a0 Sociedade Origem e Destino: http:\/\/www.origemedestino.org.br\/index.html \u00b7\u00a0\u00a0\u00a0\u00a0\u00a0\u00a0\u00a0\u00a0 Biblioteca Reformada: http:\/\/www.iglesiareformada.com\/Portugues.html \u00b7\u00a0\u00a0\u00a0\u00a0\u00a0\u00a0\u00a0\u00a0 Gracia Soberana: http:\/\/www.graciasoberana.com\/ \u00b7\u00a0\u00a0\u00a0\u00a0\u00a0\u00a0\u00a0\u00a0 Igreja Reformada no Canad\u00e1: http:\/\/www.igrejareformada.ca\/boas_vindas \u00b7\u00a0\u00a0\u00a0\u00a0\u00a0\u00a0\u00a0\u00a0 Solano Portela: http:\/\/www.solanoportela.net\/ \u00b7\u00a0\u00a0\u00a0\u00a0\u00a0\u00a0\u00a0\u00a0 Grace Online Library:\u00a0 http:\/\/www.graceonlinelibrary.org\/ \u00b7\u00a0\u00a0\u00a0\u00a0\u00a0\u00a0\u00a0\u00a0 John Piper: http:\/\/pt.desiringgod.org\/ \u00b7\u00a0\u00a0\u00a0\u00a0\u00a0\u00a0\u00a0\u00a0 Voltemos ao Evangelho: http:\/\/voltemosaoevangelho.com\/blog\/ \u00b7\u00a0\u00a0\u00a0\u00a0\u00a0\u00a0\u00a0\u00a0 Solus Christus: www.soluschristus.com.br \u00b7\u00a0\u00a0\u00a0\u00a0\u00a0\u00a0\u00a0\u00a0 Instituto Gra\u00e7a Irresist\u00edvel: http:\/\/ibgi.net.br\/ \u00b7\u00a0\u00a0\u00a0\u00a0\u00a0\u00a0\u00a0\u00a0 www.desiringgod.org \u00b7\u00a0\u00a0\u00a0\u00a0\u00a0\u00a0\u00a0\u00a0 teologiadocaminho.blogspot.com.br \u00b7\u00a0\u00a0\u00a0\u00a0\u00a0\u00a0\u00a0\u00a0 www.monergism.com<\/p>\n","protected":false},"author":1,"featured_media":0,"parent":0,"menu_order":0,"comment_status":"closed","ping_status":"closed","template":"","meta":{"footnotes":""},"yoast_head":"<!-- This site is optimized with the Yoast SEO plugin v22.6 - https:\/\/yoast.com\/wordpress\/plugins\/seo\/ -->\n<title>Links Indicados - IPCB<\/title>\n<meta name=\"robots\" content=\"index, follow, max-snippet:-1, max-image-preview:large, max-video-preview:-1\" \/>\n<link rel=\"canonical\" href=\"https:\/\/ipcb.org.br\/index\/links-indicados\/\" \/>\n<meta property=\"og:locale\" content=\"pt_BR\" \/>\n<meta property=\"og:type\" content=\"article\" \/>\n<meta property=\"og:title\" content=\"Links Indicados - IPCB\" \/>\n<meta property=\"og:description\" content=\"&nbsp; \u00b7\u00a0\u00a0\u00a0\u00a0\u00a0\u00a0\u00a0\u00a0 John Stevenson: www.angelfire.com\/nt\/theology\/jts.html \u00b7\u00a0\u00a0\u00a0\u00a0\u00a0\u00a0\u00a0\u00a0 Editora Cultura Crist\u00e3: http:\/\/www.editoraculturacrista.com.br\/ \u00b7\u00a0\u00a0\u00a0\u00a0\u00a0\u00a0\u00a0\u00a0 Editora FIEL: http:\/\/www.editorafiel.com.br\/ \u00b7\u00a0\u00a0\u00a0\u00a0\u00a0\u00a0\u00a0\u00a0 Reverendo Hernandes Dias Lopes: http:\/\/hernandesdiaslopes.com.br\/ \u00b7\u00a0\u00a0\u00a0\u00a0\u00a0\u00a0\u00a0\u00a0 Monergismo: http:\/\/www.monergismo.com\/ \u00b7\u00a0\u00a0\u00a0\u00a0\u00a0\u00a0\u00a0\u00a0 Semin\u00e1rio Jos\u00e9 Manoel da Concei\u00e7\u00e3o: http:\/\/www.seminariojmc.br\/home.asp \u00b7\u00a0\u00a0\u00a0\u00a0\u00a0\u00a0\u00a0\u00a0 Sociedade Origem e Destino: http:\/\/www.origemedestino.org.br\/index.html \u00b7\u00a0\u00a0\u00a0\u00a0\u00a0\u00a0\u00a0\u00a0 Biblioteca Reformada: http:\/\/www.iglesiareformada.com\/Portugues.html \u00b7\u00a0\u00a0\u00a0\u00a0\u00a0\u00a0\u00a0\u00a0 Gracia Soberana: http:\/\/www.graciasoberana.com\/ \u00b7\u00a0\u00a0\u00a0\u00a0\u00a0\u00a0\u00a0\u00a0 Igreja Reformada no Canad\u00e1: http:\/\/www.igrejareformada.ca\/boas_vindas \u00b7\u00a0\u00a0\u00a0\u00a0\u00a0\u00a0\u00a0\u00a0 Solano Portela: http:\/\/www.solanoportela.net\/ \u00b7\u00a0\u00a0\u00a0\u00a0\u00a0\u00a0\u00a0\u00a0 Grace Online Library:\u00a0 http:\/\/www.graceonlinelibrary.org\/ \u00b7\u00a0\u00a0\u00a0\u00a0\u00a0\u00a0\u00a0\u00a0 John Piper: http:\/\/pt.desiringgod.org\/ \u00b7\u00a0\u00a0\u00a0\u00a0\u00a0\u00a0\u00a0\u00a0 Voltemos ao Evangelho: http:\/\/voltemosaoevangelho.com\/blog\/ \u00b7\u00a0\u00a0\u00a0\u00a0\u00a0\u00a0\u00a0\u00a0 Solus Christus: www.soluschristus.com.br \u00b7\u00a0\u00a0\u00a0\u00a0\u00a0\u00a0\u00a0\u00a0 Instituto Gra\u00e7a Irresist\u00edvel: http:\/\/ibgi.net.br\/ \u00b7\u00a0\u00a0\u00a0\u00a0\u00a0\u00a0\u00a0\u00a0 www.desiringgod.org \u00b7\u00a0\u00a0\u00a0\u00a0\u00a0\u00a0\u00a0\u00a0 teologiadocaminho.blogspot.com.br \u00b7\u00a0\u00a0\u00a0\u00a0\u00a0\u00a0\u00a0\u00a0 www.monergism.com\" \/>\n<meta property=\"og:url\" content=\"https:\/\/ipcb.org.br\/index\/links-indicados\/\" \/>\n<meta property=\"og:site_name\" content=\"IPCB\" \/>\n<meta property=\"article:publisher\" content=\"https:\/\/www.facebook.com\/igrejapresbiterianaconservadoradobrasil\/\" \/>\n<meta property=\"article:modified_time\" content=\"2021-03-08T14:32:41+00:00\" \/>\n<meta name=\"twitter:card\" content=\"summary_large_image\" \/>\n<meta name=\"twitter:label1\" content=\"Est. tempo de leitura\" \/>\n\t<meta name=\"twitter:data1\" content=\"1 minuto\" \/>\n<script type=\"application\/ld+json\" class=\"yoast-schema-graph\">{\"@context\":\"https:\/\/schema.org\",\"@graph\":[{\"@type\":\"WebPage\",\"@id\":\"https:\/\/ipcb.org.br\/index\/links-indicados\/\",\"url\":\"https:\/\/ipcb.org.br\/index\/links-indicados\/\",\"name\":\"Links Indicados - IPCB\",\"isPartOf\":{\"@id\":\"https:\/\/ipcb.org.br\/index\/#website\"},\"datePublished\":\"2017-02-27T03:23:39+00:00\",\"dateModified\":\"2021-03-08T14:32:41+00:00\",\"breadcrumb\":{\"@id\":\"https:\/\/ipcb.org.br\/index\/links-indicados\/#breadcrumb\"},\"inLanguage\":\"pt-BR\",\"potentialAction\":[{\"@type\":\"ReadAction\",\"target\":[\"https:\/\/ipcb.org.br\/index\/links-indicados\/\"]}]},{\"@type\":\"BreadcrumbList\",\"@id\":\"https:\/\/ipcb.org.br\/index\/links-indicados\/#breadcrumb\",\"itemListElement\":[{\"@type\":\"ListItem\",\"position\":1,\"name\":\"In\u00edcio\",\"item\":\"https:\/\/ipcb.org.br\/index\/\"},{\"@type\":\"ListItem\",\"position\":2,\"name\":\"Links Indicados\"}]},{\"@type\":\"WebSite\",\"@id\":\"https:\/\/ipcb.org.br\/index\/#website\",\"url\":\"https:\/\/ipcb.org.br\/index\/\",\"name\":\"IPCB\",\"description\":\"Igreja Presbiteriana Conservadora do Brasil\",\"publisher\":{\"@id\":\"https:\/\/ipcb.org.br\/index\/#organization\"},\"potentialAction\":[{\"@type\":\"SearchAction\",\"target\":{\"@type\":\"EntryPoint\",\"urlTemplate\":\"https:\/\/ipcb.org.br\/index\/?s={search_term_string}\"},\"query-input\":\"required name=search_term_string\"}],\"inLanguage\":\"pt-BR\"},{\"@type\":\"Organization\",\"@id\":\"https:\/\/ipcb.org.br\/index\/#organization\",\"name\":\"Igreja Presbiteriana Conservadora\",\"url\":\"https:\/\/ipcb.org.br\/index\/\",\"logo\":{\"@type\":\"ImageObject\",\"inLanguage\":\"pt-BR\",\"@id\":\"https:\/\/ipcb.org.br\/index\/#\/schema\/logo\/image\/\",\"url\":\"https:\/\/ipcb.org.br\/index\/wp-content\/uploads\/2019\/04\/Logo_IPCB-JPG.jpg\",\"contentUrl\":\"https:\/\/ipcb.org.br\/index\/wp-content\/uploads\/2019\/04\/Logo_IPCB-JPG.jpg\",\"width\":2482,\"height\":2718,\"caption\":\"Igreja Presbiteriana Conservadora\"},\"image\":{\"@id\":\"https:\/\/ipcb.org.br\/index\/#\/schema\/logo\/image\/\"},\"sameAs\":[\"https:\/\/www.facebook.com\/igrejapresbiterianaconservadoradobrasil\/\"]}]}<\/script>\n<!-- \/ Yoast SEO plugin. -->","yoast_head_json":{"title":"Links Indicados - IPCB","robots":{"index":"index","follow":"follow","max-snippet":"max-snippet:-1","max-image-preview":"max-image-preview:large","max-video-preview":"max-video-preview:-1"},"canonical":"https:\/\/ipcb.org.br\/index\/links-indicados\/","og_locale":"pt_BR","og_type":"article","og_title":"Links Indicados - IPCB","og_description":"&nbsp; \u00b7\u00a0\u00a0\u00a0\u00a0\u00a0\u00a0\u00a0\u00a0 John Stevenson: www.angelfire.com\/nt\/theology\/jts.html \u00b7\u00a0\u00a0\u00a0\u00a0\u00a0\u00a0\u00a0\u00a0 Editora Cultura Crist\u00e3: http:\/\/www.editoraculturacrista.com.br\/ \u00b7\u00a0\u00a0\u00a0\u00a0\u00a0\u00a0\u00a0\u00a0 Editora FIEL: http:\/\/www.editorafiel.com.br\/ \u00b7\u00a0\u00a0\u00a0\u00a0\u00a0\u00a0\u00a0\u00a0 Reverendo Hernandes Dias Lopes: http:\/\/hernandesdiaslopes.com.br\/ \u00b7\u00a0\u00a0\u00a0\u00a0\u00a0\u00a0\u00a0\u00a0 Monergismo: http:\/\/www.monergismo.com\/ \u00b7\u00a0\u00a0\u00a0\u00a0\u00a0\u00a0\u00a0\u00a0 Semin\u00e1rio Jos\u00e9 Manoel da Concei\u00e7\u00e3o: http:\/\/www.seminariojmc.br\/home.asp \u00b7\u00a0\u00a0\u00a0\u00a0\u00a0\u00a0\u00a0\u00a0 Sociedade Origem e Destino: http:\/\/www.origemedestino.org.br\/index.html \u00b7\u00a0\u00a0\u00a0\u00a0\u00a0\u00a0\u00a0\u00a0 Biblioteca Reformada: http:\/\/www.iglesiareformada.com\/Portugues.html \u00b7\u00a0\u00a0\u00a0\u00a0\u00a0\u00a0\u00a0\u00a0 Gracia Soberana: http:\/\/www.graciasoberana.com\/ \u00b7\u00a0\u00a0\u00a0\u00a0\u00a0\u00a0\u00a0\u00a0 Igreja Reformada no Canad\u00e1: http:\/\/www.igrejareformada.ca\/boas_vindas \u00b7\u00a0\u00a0\u00a0\u00a0\u00a0\u00a0\u00a0\u00a0 Solano Portela: http:\/\/www.solanoportela.net\/ \u00b7\u00a0\u00a0\u00a0\u00a0\u00a0\u00a0\u00a0\u00a0 Grace Online Library:\u00a0 http:\/\/www.graceonlinelibrary.org\/ \u00b7\u00a0\u00a0\u00a0\u00a0\u00a0\u00a0\u00a0\u00a0 John Piper: http:\/\/pt.desiringgod.org\/ \u00b7\u00a0\u00a0\u00a0\u00a0\u00a0\u00a0\u00a0\u00a0 Voltemos ao Evangelho: http:\/\/voltemosaoevangelho.com\/blog\/ \u00b7\u00a0\u00a0\u00a0\u00a0\u00a0\u00a0\u00a0\u00a0 Solus Christus: www.soluschristus.com.br \u00b7\u00a0\u00a0\u00a0\u00a0\u00a0\u00a0\u00a0\u00a0 Instituto Gra\u00e7a Irresist\u00edvel: http:\/\/ibgi.net.br\/ \u00b7\u00a0\u00a0\u00a0\u00a0\u00a0\u00a0\u00a0\u00a0 www.desiringgod.org \u00b7\u00a0\u00a0\u00a0\u00a0\u00a0\u00a0\u00a0\u00a0 teologiadocaminho.blogspot.com.br \u00b7\u00a0\u00a0\u00a0\u00a0\u00a0\u00a0\u00a0\u00a0 www.monergism.com","og_url":"https:\/\/ipcb.org.br\/index\/links-indicados\/","og_site_name":"IPCB","article_publisher":"https:\/\/www.facebook.com\/igrejapresbiterianaconservadoradobrasil\/","article_modified_time":"2021-03-08T14:32:41+00:00","twitter_card":"summary_large_image","twitter_misc":{"Est. tempo de leitura":"1 minuto"},"schema":{"@context":"https:\/\/schema.org","@graph":[{"@type":"WebPage","@id":"https:\/\/ipcb.org.br\/index\/links-indicados\/","url":"https:\/\/ipcb.org.br\/index\/links-indicados\/","name":"Links Indicados - IPCB","isPartOf":{"@id":"https:\/\/ipcb.org.br\/index\/#website"},"datePublished":"2017-02-27T03:23:39+00:00","dateModified":"2021-03-08T14:32:41+00:00","breadcrumb":{"@id":"https:\/\/ipcb.org.br\/index\/links-indicados\/#breadcrumb"},"inLanguage":"pt-BR","potentialAction":[{"@type":"ReadAction","target":["https:\/\/ipcb.org.br\/index\/links-indicados\/"]}]},{"@type":"BreadcrumbList","@id":"https:\/\/ipcb.org.br\/index\/links-indicados\/#breadcrumb","itemListElement":[{"@type":"ListItem","position":1,"name":"In\u00edcio","item":"https:\/\/ipcb.org.br\/index\/"},{"@type":"ListItem","position":2,"name":"Links Indicados"}]},{"@type":"WebSite","@id":"https:\/\/ipcb.org.br\/index\/#website","url":"https:\/\/ipcb.org.br\/index\/","name":"IPCB","description":"Igreja Presbiteriana Conservadora do Brasil","publisher":{"@id":"https:\/\/ipcb.org.br\/index\/#organization"},"potentialAction":[{"@type":"SearchAction","target":{"@type":"EntryPoint","urlTemplate":"https:\/\/ipcb.org.br\/index\/?s={search_term_string}"},"query-input":"required name=search_term_string"}],"inLanguage":"pt-BR"},{"@type":"Organization","@id":"https:\/\/ipcb.org.br\/index\/#organization","name":"Igreja Presbiteriana Conservadora","url":"https:\/\/ipcb.org.br\/index\/","logo":{"@type":"ImageObject","inLanguage":"pt-BR","@id":"https:\/\/ipcb.org.br\/index\/#\/schema\/logo\/image\/","url":"https:\/\/ipcb.org.br\/index\/wp-content\/uploads\/2019\/04\/Logo_IPCB-JPG.jpg","contentUrl":"https:\/\/ipcb.org.br\/index\/wp-content\/uploads\/2019\/04\/Logo_IPCB-JPG.jpg","width":2482,"height":2718,"caption":"Igreja Presbiteriana Conservadora"},"image":{"@id":"https:\/\/ipcb.org.br\/index\/#\/schema\/logo\/image\/"},"sameAs":["https:\/\/www.facebook.com\/igrejapresbiterianaconservadoradobrasil\/"]}]}},"_links":{"self":[{"href":"https:\/\/ipcb.org.br\/index\/wp-json\/wp\/v2\/pages\/2398"}],"collection":[{"href":"https:\/\/ipcb.org.br\/index\/wp-json\/wp\/v2\/pages"}],"about":[{"href":"https:\/\/ipcb.org.br\/index\/wp-json\/wp\/v2\/types\/page"}],"author":[{"embeddable":true,"href":"https:\/\/ipcb.org.br\/index\/wp-json\/wp\/v2\/users\/1"}],"replies":[{"embeddable":true,"href":"https:\/\/ipcb.org.br\/index\/wp-json\/wp\/v2\/comments?post=2398"}],"version-history":[{"count":3,"href":"https:\/\/ipcb.org.br\/index\/wp-json\/wp\/v2\/pages\/2398\/revisions"}],"predecessor-version":[{"id":5800,"href":"https:\/\/ipcb.org.br\/index\/wp-json\/wp\/v2\/pages\/2398\/revisions\/5800"}],"wp:attachment":[{"href":"https:\/\/ipcb.org.br\/index\/wp-json\/wp\/v2\/media?parent=2398"}],"curies":[{"name":"wp","href":"https:\/\/api.w.org\/{rel}","templated":true}]}}