{"id":2400,"date":"2017-02-27T03:28:42","date_gmt":"2017-02-27T03:28:42","guid":{"rendered":"http:\/\/ipcb.org.br\/index\/?page_id=2400"},"modified":"2017-02-27T03:40:33","modified_gmt":"2017-02-27T03:40:33","slug":"sinodos","status":"publish","type":"page","link":"https:\/\/ipcb.org.br\/index\/sinodos\/","title":{"rendered":"S\u00ednodos"},"content":{"rendered":"<p style=\"text-align: justify;\"><strong>DELIBERA\u00c7\u00c3O DO S\u00cdNODO\u00a0 &#8211; 2007<\/strong><\/p>\n<p style=\"text-align: justify;\">Resumo das Delibera\u00e7\u00f5es do S\u00ednodo Extraordin\u00e1rio<\/p>\n<p style=\"text-align: justify;\">Realizou-se, nos dias 11 a 14 de outubro, a Reuni\u00e3o Extraordin\u00e1ria do S\u00ednodo da Igreja Presbiteriana Conservadora do Brasil. A abertura dos trabalhos se deu nas depend\u00eancias da Primeira Igreja de S\u00e3o Paulo.<\/p>\n<p style=\"text-align: justify;\">A sess\u00e3o de abertura foi presidida pelo Rev. Djalma Franco. tomou assento \u00e0 mesa diretora, juntamente com o presidente, o Rev. Jos\u00e9 Paulo Brocco, primeiro secret\u00e1rio e o Rev. Clodoaldo de Souza Caldas, segundo secret\u00e1rio.<\/p>\n<p style=\"text-align: justify;\">Ap\u00f3s a chamada deu-se in\u00edcio ao culto. Al\u00e9m dos ministros citados, tomaram assento ao p\u00falpito o Rev. Welerson Alves Duarte, vice-presidente, e o Rev. Jubal Gon\u00e7alves, secret\u00e1rio permanente. O culto contou com a exposi\u00e7\u00e3o da Palavra do Senhor pelo presidente, participa\u00e7\u00e3o do coral da Igreja de Guarulhos e participa\u00e7\u00e3o de alguns irm\u00e3os das nossas igrejas da grande S\u00e3o Paulo.<\/p>\n<p style=\"text-align: justify;\">Ap\u00f3s o culto os conciliares seguiram viagem ao Acampamento Monte Horebe, em Ces\u00e1rio Lange-SP, onde deu-se a continuidade da reuni\u00e3o.<\/p>\n<p style=\"text-align: justify;\">Em virtude do desdobramento de alguns presbit\u00e9rios foram arrolados os seguintes presbit\u00e9rios: Oeste Paulista, Centro Sul e Guarulhos.<\/p>\n<p style=\"text-align: justify;\">Foram arrolados 4 novos ministros: Reverendo F\u00e1bio Ito, Jos\u00e9 Alves Serra, Diogo Inawshiro e Paulo de Tarso de Souza Bezerra, e 6 igrejas: Uberl\u00e2ndia &#8211; MG, Primeira de Barra do Gar\u00e7as-MT, Primeira de Trindade-GO, Pinhais-PR, Quinta de Goi\u00e2nia e Sexta de Goi\u00e2nia. Estivera presentes na reuni\u00e3o 52 ministros e 36 igrejas.<\/p>\n<p style=\"text-align: justify;\">\u00a0:: Atas da Junta Administrativa: Foram lidas e aprovadas as atas da \u00faltima reuni\u00e3o da Junta Administrativa.<\/p>\n<p style=\"text-align: justify;\">\u00a0:: Fundo de Suplementa\u00e7\u00e3o Previdenci\u00e1ria: Diante da inviabilidade financeira e jur\u00eddica do fundo de suplementa\u00e7\u00e3o previdenci\u00e1ria e conforme laudos t\u00e9cnicos apresentados, foi aprovada a extin\u00e7\u00e3o do Fundo. Foi nomeada uma comiss\u00e3o para autorizar o tesoureiro a efetuar devolu\u00e7\u00e3o dos valores depositados pelos ministros em exerc\u00edcio e estudar o caso de cada jubilado e pensionista, apresentando um relat\u00f3rio \u00e0 Junta Administrativa.<\/p>\n<p style=\"text-align: justify;\">\u00a0:: Reforma da Casa no Semin\u00e1rio e Propriedade nas Cidades de Paulic\u00e9ia e Cambaratiba: O S\u00ednodo autorizou a venda dos im\u00f3veis de Cambaratiba e Paulic\u00e9ia (SP) e que o produto da venda seja revertido para a reforma de uma das casas no Semin\u00e1rio.<\/p>\n<p style=\"text-align: justify;\">\u00a0:: Solicita\u00e7\u00e3o do Rev. Welerson Alves Duarte: A solicita\u00e7\u00e3o do Rev. Welerson quanto a receber pelas aulas ministradas no nosso semin\u00e1rio n\u00e3o foi atendida. Contudo, foi aprovada uma proposta de que o S\u00ednodo custeie a estadia e inscri\u00e7\u00e3o dos funcion\u00e1rios do S\u00ednodo, atualmente, os Reverendos Edival Jos\u00e9 Viera e Welerson, na confer\u00eancia anual da Editora Fiel, e que a Junta Administrativa estude a possibilidade de um reajuste nas c\u00f4ngruas do Rev. Welerson.<\/p>\n<p style=\"text-align: justify;\">\u00a0:: relat\u00f3rio da Comiss\u00e3o de Auditoria: O S\u00ednodo aprovou o relat\u00f3rio da comiss\u00e3o de auditoria.<\/p>\n<p style=\"text-align: justify;\">\u00a0:: Sugest\u00f5es da Confedera\u00e7\u00e3o Feminina: N\u00e3o foi aceita a solicita\u00e7\u00e3o de mudan\u00e7a no cap\u00edtulo VIII, artigo 13, letra h, do Estatuto das Federa\u00e7\u00f5es e tamb\u00e9m a sugest\u00e3o de mudan\u00e7a na porcentagem da Federa\u00e7\u00e3o \u00e0 \u00a0Confedera\u00e7\u00e3o Feminina de 25% para 35%.<\/p>\n<p style=\"text-align: justify;\">\u00a0:: Reestrutura\u00e7\u00e3o das Institui\u00e7\u00f5es da Denomina\u00e7\u00e3o: A comiss\u00e3o designada para estudar a reestrutura\u00e7\u00e3o das institui\u00e7\u00f5es da denomina\u00e7\u00e3o n\u00e3o apresentou seu parecer, principalmente, em virtude do tempo que o seu relator dispensou na comiss\u00e3o que estudou a viabilidade do fundo. A justificativa foi aceita pelo S\u00ednodo.<\/p>\n<p style=\"text-align: justify;\">\u00a0:: Anteprojeto da Constitui\u00e7\u00e3o e Ordem, C\u00f3digo de Disciplina e Anexos. A nova Constitui\u00e7\u00e3o e Ordem e seus anexos passar\u00e1 por uma revis\u00e3o pela Junta Administrativa e entrar\u00e1 em vigor ap\u00f3s a sua publica\u00e7\u00e3o no site da igreja.<\/p>\n<p style=\"text-align: justify;\">Foi proposto e aprovado que a divis\u00e3o e organiza\u00e7\u00e3o dos S\u00ednodos e da Assembleia Geral seja efetivada na pr\u00f3xima reuni\u00e3o ordin\u00e1ria do S\u00ednodo, em julho de 2009. Os S\u00ednodos ser\u00e3o assim constitu\u00eddos: um, pelos Presbit\u00e9rios Paulistano, Paran\u00e1, Piratininga e de Guarulhos e outro pelos Presbit\u00e9rios: Brasil Central, Centro Sul, Bandeirante e Oeste Paulista.<\/p>\n<p style=\"text-align: justify;\">(Rev. Jubal Gon\u00e7alves &#8211; Fonte: O Presbiteriano Conservador, out. a dez. de 2007 &#8211; n\u00ba 10,11 e 12)<\/p>\n","protected":false},"excerpt":{"rendered":"<p>DELIBERA\u00c7\u00c3O DO S\u00cdNODO\u00a0 &#8211; 2007 Resumo das Delibera\u00e7\u00f5es do S\u00ednodo Extraordin\u00e1rio Realizou-se, nos dias 11 a 14 de outubro, a Reuni\u00e3o Extraordin\u00e1ria do S\u00ednodo da Igreja Presbiteriana Conservadora do Brasil. A abertura dos trabalhos se deu nas depend\u00eancias da Primeira Igreja de S\u00e3o Paulo. A sess\u00e3o de abertura foi presidida pelo Rev. Djalma Franco. tomou assento \u00e0 mesa diretora, juntamente com o presidente, o Rev. Jos\u00e9 Paulo Brocco, primeiro secret\u00e1rio e o Rev. Clodoaldo de Souza Caldas, segundo secret\u00e1rio. Ap\u00f3s a chamada deu-se in\u00edcio ao culto. Al\u00e9m dos ministros citados, tomaram assento ao p\u00falpito o Rev. Welerson Alves Duarte, vice-presidente, e o Rev. Jubal Gon\u00e7alves, secret\u00e1rio permanente. O culto contou com a exposi\u00e7\u00e3o da Palavra do Senhor pelo presidente, participa\u00e7\u00e3o do coral da Igreja de Guarulhos e participa\u00e7\u00e3o de alguns irm\u00e3os das nossas igrejas da grande S\u00e3o Paulo. Ap\u00f3s o culto os conciliares seguiram viagem ao Acampamento Monte Horebe, em<span class=\"excerpt-hellip\"> [\u2026]<\/span><\/p>\n","protected":false},"author":1,"featured_media":0,"parent":0,"menu_order":0,"comment_status":"closed","ping_status":"closed","template":"","meta":{"footnotes":""},"yoast_head":"<!-- This site is optimized with the Yoast SEO plugin v22.6 - https:\/\/yoast.com\/wordpress\/plugins\/seo\/ -->\n<title>S\u00ednodos - IPCB<\/title>\n<meta name=\"robots\" content=\"index, follow, max-snippet:-1, max-image-preview:large, max-video-preview:-1\" \/>\n<link rel=\"canonical\" href=\"https:\/\/ipcb.org.br\/index\/sinodos\/\" \/>\n<meta property=\"og:locale\" content=\"pt_BR\" \/>\n<meta property=\"og:type\" content=\"article\" \/>\n<meta property=\"og:title\" content=\"S\u00ednodos - IPCB\" \/>\n<meta property=\"og:description\" content=\"DELIBERA\u00c7\u00c3O DO S\u00cdNODO\u00a0 &#8211; 2007 Resumo das Delibera\u00e7\u00f5es do S\u00ednodo Extraordin\u00e1rio Realizou-se, nos dias 11 a 14 de outubro, a Reuni\u00e3o Extraordin\u00e1ria do S\u00ednodo da Igreja Presbiteriana Conservadora do Brasil. A abertura dos trabalhos se deu nas depend\u00eancias da Primeira Igreja de S\u00e3o Paulo. A sess\u00e3o de abertura foi presidida pelo Rev. Djalma Franco. tomou assento \u00e0 mesa diretora, juntamente com o presidente, o Rev. Jos\u00e9 Paulo Brocco, primeiro secret\u00e1rio e o Rev. Clodoaldo de Souza Caldas, segundo secret\u00e1rio. Ap\u00f3s a chamada deu-se in\u00edcio ao culto. Al\u00e9m dos ministros citados, tomaram assento ao p\u00falpito o Rev. Welerson Alves Duarte, vice-presidente, e o Rev. Jubal Gon\u00e7alves, secret\u00e1rio permanente. O culto contou com a exposi\u00e7\u00e3o da Palavra do Senhor pelo presidente, participa\u00e7\u00e3o do coral da Igreja de Guarulhos e participa\u00e7\u00e3o de alguns irm\u00e3os das nossas igrejas da grande S\u00e3o Paulo. Ap\u00f3s o culto os conciliares seguiram viagem ao Acampamento Monte Horebe, em [\u2026]\" \/>\n<meta property=\"og:url\" content=\"https:\/\/ipcb.org.br\/index\/sinodos\/\" \/>\n<meta property=\"og:site_name\" content=\"IPCB\" \/>\n<meta property=\"article:publisher\" content=\"https:\/\/www.facebook.com\/igrejapresbiterianaconservadoradobrasil\/\" \/>\n<meta property=\"article:modified_time\" content=\"2017-02-27T03:40:33+00:00\" \/>\n<meta name=\"twitter:card\" content=\"summary_large_image\" \/>\n<meta name=\"twitter:label1\" content=\"Est. tempo de leitura\" \/>\n\t<meta name=\"twitter:data1\" content=\"4 minutos\" \/>\n<script type=\"application\/ld+json\" class=\"yoast-schema-graph\">{\"@context\":\"https:\/\/schema.org\",\"@graph\":[{\"@type\":\"WebPage\",\"@id\":\"https:\/\/ipcb.org.br\/index\/sinodos\/\",\"url\":\"https:\/\/ipcb.org.br\/index\/sinodos\/\",\"name\":\"S\u00ednodos - IPCB\",\"isPartOf\":{\"@id\":\"https:\/\/ipcb.org.br\/index\/#website\"},\"datePublished\":\"2017-02-27T03:28:42+00:00\",\"dateModified\":\"2017-02-27T03:40:33+00:00\",\"breadcrumb\":{\"@id\":\"https:\/\/ipcb.org.br\/index\/sinodos\/#breadcrumb\"},\"inLanguage\":\"pt-BR\",\"potentialAction\":[{\"@type\":\"ReadAction\",\"target\":[\"https:\/\/ipcb.org.br\/index\/sinodos\/\"]}]},{\"@type\":\"BreadcrumbList\",\"@id\":\"https:\/\/ipcb.org.br\/index\/sinodos\/#breadcrumb\",\"itemListElement\":[{\"@type\":\"ListItem\",\"position\":1,\"name\":\"In\u00edcio\",\"item\":\"https:\/\/ipcb.org.br\/index\/\"},{\"@type\":\"ListItem\",\"position\":2,\"name\":\"S\u00ednodos\"}]},{\"@type\":\"WebSite\",\"@id\":\"https:\/\/ipcb.org.br\/index\/#website\",\"url\":\"https:\/\/ipcb.org.br\/index\/\",\"name\":\"IPCB\",\"description\":\"Igreja Presbiteriana Conservadora do Brasil\",\"publisher\":{\"@id\":\"https:\/\/ipcb.org.br\/index\/#organization\"},\"potentialAction\":[{\"@type\":\"SearchAction\",\"target\":{\"@type\":\"EntryPoint\",\"urlTemplate\":\"https:\/\/ipcb.org.br\/index\/?s={search_term_string}\"},\"query-input\":\"required name=search_term_string\"}],\"inLanguage\":\"pt-BR\"},{\"@type\":\"Organization\",\"@id\":\"https:\/\/ipcb.org.br\/index\/#organization\",\"name\":\"Igreja Presbiteriana Conservadora\",\"url\":\"https:\/\/ipcb.org.br\/index\/\",\"logo\":{\"@type\":\"ImageObject\",\"inLanguage\":\"pt-BR\",\"@id\":\"https:\/\/ipcb.org.br\/index\/#\/schema\/logo\/image\/\",\"url\":\"https:\/\/ipcb.org.br\/index\/wp-content\/uploads\/2019\/04\/Logo_IPCB-JPG.jpg\",\"contentUrl\":\"https:\/\/ipcb.org.br\/index\/wp-content\/uploads\/2019\/04\/Logo_IPCB-JPG.jpg\",\"width\":2482,\"height\":2718,\"caption\":\"Igreja Presbiteriana Conservadora\"},\"image\":{\"@id\":\"https:\/\/ipcb.org.br\/index\/#\/schema\/logo\/image\/\"},\"sameAs\":[\"https:\/\/www.facebook.com\/igrejapresbiterianaconservadoradobrasil\/\"]}]}<\/script>\n<!-- \/ Yoast SEO plugin. -->","yoast_head_json":{"title":"S\u00ednodos - IPCB","robots":{"index":"index","follow":"follow","max-snippet":"max-snippet:-1","max-image-preview":"max-image-preview:large","max-video-preview":"max-video-preview:-1"},"canonical":"https:\/\/ipcb.org.br\/index\/sinodos\/","og_locale":"pt_BR","og_type":"article","og_title":"S\u00ednodos - IPCB","og_description":"DELIBERA\u00c7\u00c3O DO S\u00cdNODO\u00a0 &#8211; 2007 Resumo das Delibera\u00e7\u00f5es do S\u00ednodo Extraordin\u00e1rio Realizou-se, nos dias 11 a 14 de outubro, a Reuni\u00e3o Extraordin\u00e1ria do S\u00ednodo da Igreja Presbiteriana Conservadora do Brasil. A abertura dos trabalhos se deu nas depend\u00eancias da Primeira Igreja de S\u00e3o Paulo. A sess\u00e3o de abertura foi presidida pelo Rev. Djalma Franco. tomou assento \u00e0 mesa diretora, juntamente com o presidente, o Rev. Jos\u00e9 Paulo Brocco, primeiro secret\u00e1rio e o Rev. Clodoaldo de Souza Caldas, segundo secret\u00e1rio. Ap\u00f3s a chamada deu-se in\u00edcio ao culto. Al\u00e9m dos ministros citados, tomaram assento ao p\u00falpito o Rev. Welerson Alves Duarte, vice-presidente, e o Rev. Jubal Gon\u00e7alves, secret\u00e1rio permanente. O culto contou com a exposi\u00e7\u00e3o da Palavra do Senhor pelo presidente, participa\u00e7\u00e3o do coral da Igreja de Guarulhos e participa\u00e7\u00e3o de alguns irm\u00e3os das nossas igrejas da grande S\u00e3o Paulo. Ap\u00f3s o culto os conciliares seguiram viagem ao Acampamento Monte Horebe, em [\u2026]","og_url":"https:\/\/ipcb.org.br\/index\/sinodos\/","og_site_name":"IPCB","article_publisher":"https:\/\/www.facebook.com\/igrejapresbiterianaconservadoradobrasil\/","article_modified_time":"2017-02-27T03:40:33+00:00","twitter_card":"summary_large_image","twitter_misc":{"Est. tempo de leitura":"4 minutos"},"schema":{"@context":"https:\/\/schema.org","@graph":[{"@type":"WebPage","@id":"https:\/\/ipcb.org.br\/index\/sinodos\/","url":"https:\/\/ipcb.org.br\/index\/sinodos\/","name":"S\u00ednodos - IPCB","isPartOf":{"@id":"https:\/\/ipcb.org.br\/index\/#website"},"datePublished":"2017-02-27T03:28:42+00:00","dateModified":"2017-02-27T03:40:33+00:00","breadcrumb":{"@id":"https:\/\/ipcb.org.br\/index\/sinodos\/#breadcrumb"},"inLanguage":"pt-BR","potentialAction":[{"@type":"ReadAction","target":["https:\/\/ipcb.org.br\/index\/sinodos\/"]}]},{"@type":"BreadcrumbList","@id":"https:\/\/ipcb.org.br\/index\/sinodos\/#breadcrumb","itemListElement":[{"@type":"ListItem","position":1,"name":"In\u00edcio","item":"https:\/\/ipcb.org.br\/index\/"},{"@type":"ListItem","position":2,"name":"S\u00ednodos"}]},{"@type":"WebSite","@id":"https:\/\/ipcb.org.br\/index\/#website","url":"https:\/\/ipcb.org.br\/index\/","name":"IPCB","description":"Igreja Presbiteriana Conservadora do Brasil","publisher":{"@id":"https:\/\/ipcb.org.br\/index\/#organization"},"potentialAction":[{"@type":"SearchAction","target":{"@type":"EntryPoint","urlTemplate":"https:\/\/ipcb.org.br\/index\/?s={search_term_string}"},"query-input":"required name=search_term_string"}],"inLanguage":"pt-BR"},{"@type":"Organization","@id":"https:\/\/ipcb.org.br\/index\/#organization","name":"Igreja Presbiteriana Conservadora","url":"https:\/\/ipcb.org.br\/index\/","logo":{"@type":"ImageObject","inLanguage":"pt-BR","@id":"https:\/\/ipcb.org.br\/index\/#\/schema\/logo\/image\/","url":"https:\/\/ipcb.org.br\/index\/wp-content\/uploads\/2019\/04\/Logo_IPCB-JPG.jpg","contentUrl":"https:\/\/ipcb.org.br\/index\/wp-content\/uploads\/2019\/04\/Logo_IPCB-JPG.jpg","width":2482,"height":2718,"caption":"Igreja Presbiteriana Conservadora"},"image":{"@id":"https:\/\/ipcb.org.br\/index\/#\/schema\/logo\/image\/"},"sameAs":["https:\/\/www.facebook.com\/igrejapresbiterianaconservadoradobrasil\/"]}]}},"_links":{"self":[{"href":"https:\/\/ipcb.org.br\/index\/wp-json\/wp\/v2\/pages\/2400"}],"collection":[{"href":"https:\/\/ipcb.org.br\/index\/wp-json\/wp\/v2\/pages"}],"about":[{"href":"https:\/\/ipcb.org.br\/index\/wp-json\/wp\/v2\/types\/page"}],"author":[{"embeddable":true,"href":"https:\/\/ipcb.org.br\/index\/wp-json\/wp\/v2\/users\/1"}],"replies":[{"embeddable":true,"href":"https:\/\/ipcb.org.br\/index\/wp-json\/wp\/v2\/comments?post=2400"}],"version-history":[{"count":1,"href":"https:\/\/ipcb.org.br\/index\/wp-json\/wp\/v2\/pages\/2400\/revisions"}],"predecessor-version":[{"id":2401,"href":"https:\/\/ipcb.org.br\/index\/wp-json\/wp\/v2\/pages\/2400\/revisions\/2401"}],"wp:attachment":[{"href":"https:\/\/ipcb.org.br\/index\/wp-json\/wp\/v2\/media?parent=2400"}],"curies":[{"name":"wp","href":"https:\/\/api.w.org\/{rel}","templated":true}]}}