{"id":3273,"date":"2019-03-26T14:47:34","date_gmt":"2019-03-26T14:47:34","guid":{"rendered":"https:\/\/www.ipcb.org.br\/index\/?page_id=3273"},"modified":"2023-04-20T20:23:54","modified_gmt":"2023-04-20T20:23:54","slug":"downloads","status":"publish","type":"page","link":"https:\/\/ipcb.org.br\/index\/downloads\/","title":{"rendered":"DOWNLOADS"},"content":{"rendered":"<h2><strong>Estat\u00edsticas<\/strong><\/h2>\n<p><a href=\"https:\/\/drive.google.com\/file\/d\/1H0eQVo3O2JRMDT1Sf2MhsaILQEg6Tqyf\/view?usp=sharing\" target=\"_blank\" rel=\"noopener noreferrer\">Estat\u00edstica &#8211; Assembl\u00e9ia Geral<\/a><\/p>\n<hr \/>\n<h3 style=\"text-align: left;\"><strong>CREDENCIAIS E RELAT\u00d3RIOS<\/strong><\/h3>\n<p><a href=\"https:\/\/docs.google.com\/document\/d\/1kjzBamPJQvJVPgGEJ4SK7eJFxWwrYx4Z\/edit?usp=share_link&amp;ouid=101504274581044329747&amp;rtpof=true&amp;sd=true\">Credencial &#8211; Presbit\u00e9rio S\u00ednodo<\/a><\/p>\n<p><a href=\"https:\/\/docs.google.com\/document\/d\/13-cPpScsFjesgRAIyr9yBsJlNDBU0iqy\/edit?usp=share_link&amp;ouid=101504274581044329747&amp;rtpof=true&amp;sd=true\">Credencial &#8211; Conselho Presbit\u00e9rio<\/a><\/p>\n<p><a href=\"https:\/\/docs.google.com\/document\/d\/1eZV0ghSbx1ErzuHCQuM7JFsC46-FSzL8\/edit?usp=share_link&amp;ouid=101504274581044329747&amp;rtpof=true&amp;sd=true\">Credencial &#8211; Presbit\u00e9rio Assembleia Geral<\/a><\/p>\n<p><a href=\"https:\/\/docs.google.com\/document\/d\/1YyKCLkKjhLyLnwdoRxZVLhQkTkcnrIf7\/edit?usp=share_link&amp;ouid=101504274581044329747&amp;rtpof=true&amp;sd=true\">Estat\u00edstica Igreja Local &#8211; Modelo <\/a><\/p>\n<p><a href=\"https:\/\/docs.google.com\/document\/d\/1T0bxonDiVNsbd5iapm0XeoV84tJp1dC1\/edit?usp=share_link&amp;ouid=101504274581044329747&amp;rtpof=true&amp;sd=true\">Relat\u00f3rio Ministerial &#8211; Modelo<\/a><\/p>\n<hr \/>\n<h2><strong>LOGOTIPOS<\/strong><img loading=\"lazy\" decoding=\"async\" class=\"alignright size-thumbnail wp-image-2729\" src=\"https:\/\/ipcb.org.br\/indexwp-content\/uploads\/2017\/12\/Logo_Home-a-150x150.png\" alt=\"\" width=\"150\" height=\"150\" srcset=\"https:\/\/ipcb.org.br\/index\/wp-content\/uploads\/2017\/12\/Logo_Home-a-150x150.png 150w, https:\/\/ipcb.org.br\/index\/wp-content\/uploads\/2017\/12\/Logo_Home-a-50x50.png 50w, https:\/\/ipcb.org.br\/index\/wp-content\/uploads\/2017\/12\/Logo_Home-a-85x85.png 85w, https:\/\/ipcb.org.br\/index\/wp-content\/uploads\/2017\/12\/Logo_Home-a-80x80.png 80w\" sizes=\"(max-width:767px) 150px, 150px\" \/><\/h2>\n<p><a href=\"https:\/\/drive.google.com\/open?id=1Vk03LKSLBnOX0FWzAxYOl7K4xr0Nfxtd\">Logotipo\u00a0(Corel Draw)<\/a><\/p>\n<p><a href=\"https:\/\/drive.google.com\/open?id=1Gy1Lc9PYod6rJ5bD4MsIa99skB0hyVOC\">Logotipo\u00a0(PNG)<\/a><\/p>\n<hr \/>\n<h2><strong>CATECISMO<\/strong><\/h2>\n<p><a href=\"https:\/\/drive.google.com\/file\/d\/1nzoTsK3SzZTZNP2fb_RAPy3dbg4bC5Q2\/view?usp=sharing\" target=\"_blank\" rel=\"noopener noreferrer\">Catecismo para Crian\u00e7as Pequenas<\/a><\/p>\n<hr \/>\n","protected":false},"excerpt":{"rendered":"<p>Estat\u00edsticas Estat\u00edstica &#8211; Assembl\u00e9ia Geral CREDENCIAIS E RELAT\u00d3RIOS Credencial &#8211; Presbit\u00e9rio S\u00ednodo Credencial &#8211; Conselho Presbit\u00e9rio Credencial &#8211; Presbit\u00e9rio Assembleia Geral Estat\u00edstica Igreja Local &#8211; Modelo Relat\u00f3rio Ministerial &#8211; Modelo LOGOTIPOS Logotipo\u00a0(Corel Draw) Logotipo\u00a0(PNG) CATECISMO Catecismo para Crian\u00e7as Pequenas<\/p>\n","protected":false},"author":1,"featured_media":0,"parent":0,"menu_order":0,"comment_status":"closed","ping_status":"closed","template":"","meta":{"footnotes":""},"yoast_head":"<!-- This site is optimized with the Yoast SEO plugin v22.6 - https:\/\/yoast.com\/wordpress\/plugins\/seo\/ -->\n<title>DOWNLOADS - IPCB<\/title>\n<meta name=\"robots\" content=\"index, follow, max-snippet:-1, max-image-preview:large, max-video-preview:-1\" \/>\n<link rel=\"canonical\" href=\"https:\/\/ipcb.org.br\/index\/downloads\/\" \/>\n<meta property=\"og:locale\" content=\"pt_BR\" \/>\n<meta property=\"og:type\" content=\"article\" \/>\n<meta property=\"og:title\" content=\"DOWNLOADS - IPCB\" \/>\n<meta property=\"og:description\" content=\"Estat\u00edsticas Estat\u00edstica &#8211; Assembl\u00e9ia Geral CREDENCIAIS E RELAT\u00d3RIOS Credencial &#8211; Presbit\u00e9rio S\u00ednodo Credencial &#8211; Conselho Presbit\u00e9rio Credencial &#8211; Presbit\u00e9rio Assembleia Geral Estat\u00edstica Igreja Local &#8211; Modelo Relat\u00f3rio Ministerial &#8211; Modelo LOGOTIPOS Logotipo\u00a0(Corel Draw) Logotipo\u00a0(PNG) CATECISMO Catecismo para Crian\u00e7as Pequenas\" \/>\n<meta property=\"og:url\" content=\"https:\/\/ipcb.org.br\/index\/downloads\/\" \/>\n<meta property=\"og:site_name\" content=\"IPCB\" \/>\n<meta property=\"article:publisher\" content=\"https:\/\/www.facebook.com\/igrejapresbiterianaconservadoradobrasil\/\" \/>\n<meta property=\"article:modified_time\" content=\"2023-04-20T20:23:54+00:00\" \/>\n<meta property=\"og:image\" content=\"http:\/\/ipcb.org.br\/indexwp-content\/uploads\/2017\/12\/Logo_Home-a-150x150.png\" \/>\n<meta name=\"twitter:card\" content=\"summary_large_image\" \/>\n<script type=\"application\/ld+json\" class=\"yoast-schema-graph\">{\"@context\":\"https:\/\/schema.org\",\"@graph\":[{\"@type\":\"WebPage\",\"@id\":\"https:\/\/ipcb.org.br\/index\/downloads\/\",\"url\":\"https:\/\/ipcb.org.br\/index\/downloads\/\",\"name\":\"DOWNLOADS - IPCB\",\"isPartOf\":{\"@id\":\"https:\/\/ipcb.org.br\/index\/#website\"},\"primaryImageOfPage\":{\"@id\":\"https:\/\/ipcb.org.br\/index\/downloads\/#primaryimage\"},\"image\":{\"@id\":\"https:\/\/ipcb.org.br\/index\/downloads\/#primaryimage\"},\"thumbnailUrl\":\"http:\/\/ipcb.org.br\/indexwp-content\/uploads\/2017\/12\/Logo_Home-a-150x150.png\",\"datePublished\":\"2019-03-26T14:47:34+00:00\",\"dateModified\":\"2023-04-20T20:23:54+00:00\",\"breadcrumb\":{\"@id\":\"https:\/\/ipcb.org.br\/index\/downloads\/#breadcrumb\"},\"inLanguage\":\"pt-BR\",\"potentialAction\":[{\"@type\":\"ReadAction\",\"target\":[\"https:\/\/ipcb.org.br\/index\/downloads\/\"]}]},{\"@type\":\"ImageObject\",\"inLanguage\":\"pt-BR\",\"@id\":\"https:\/\/ipcb.org.br\/index\/downloads\/#primaryimage\",\"url\":\"http:\/\/ipcb.org.br\/indexwp-content\/uploads\/2017\/12\/Logo_Home-a-150x150.png\",\"contentUrl\":\"http:\/\/ipcb.org.br\/indexwp-content\/uploads\/2017\/12\/Logo_Home-a-150x150.png\"},{\"@type\":\"BreadcrumbList\",\"@id\":\"https:\/\/ipcb.org.br\/index\/downloads\/#breadcrumb\",\"itemListElement\":[{\"@type\":\"ListItem\",\"position\":1,\"name\":\"In\u00edcio\",\"item\":\"https:\/\/ipcb.org.br\/index\/\"},{\"@type\":\"ListItem\",\"position\":2,\"name\":\"DOWNLOADS\"}]},{\"@type\":\"WebSite\",\"@id\":\"https:\/\/ipcb.org.br\/index\/#website\",\"url\":\"https:\/\/ipcb.org.br\/index\/\",\"name\":\"IPCB\",\"description\":\"Igreja Presbiteriana Conservadora do Brasil\",\"publisher\":{\"@id\":\"https:\/\/ipcb.org.br\/index\/#organization\"},\"potentialAction\":[{\"@type\":\"SearchAction\",\"target\":{\"@type\":\"EntryPoint\",\"urlTemplate\":\"https:\/\/ipcb.org.br\/index\/?s={search_term_string}\"},\"query-input\":\"required name=search_term_string\"}],\"inLanguage\":\"pt-BR\"},{\"@type\":\"Organization\",\"@id\":\"https:\/\/ipcb.org.br\/index\/#organization\",\"name\":\"Igreja Presbiteriana Conservadora\",\"url\":\"https:\/\/ipcb.org.br\/index\/\",\"logo\":{\"@type\":\"ImageObject\",\"inLanguage\":\"pt-BR\",\"@id\":\"https:\/\/ipcb.org.br\/index\/#\/schema\/logo\/image\/\",\"url\":\"https:\/\/ipcb.org.br\/index\/wp-content\/uploads\/2019\/04\/Logo_IPCB-JPG.jpg\",\"contentUrl\":\"https:\/\/ipcb.org.br\/index\/wp-content\/uploads\/2019\/04\/Logo_IPCB-JPG.jpg\",\"width\":2482,\"height\":2718,\"caption\":\"Igreja Presbiteriana Conservadora\"},\"image\":{\"@id\":\"https:\/\/ipcb.org.br\/index\/#\/schema\/logo\/image\/\"},\"sameAs\":[\"https:\/\/www.facebook.com\/igrejapresbiterianaconservadoradobrasil\/\"]}]}<\/script>\n<!-- \/ Yoast SEO plugin. -->","yoast_head_json":{"title":"DOWNLOADS - IPCB","robots":{"index":"index","follow":"follow","max-snippet":"max-snippet:-1","max-image-preview":"max-image-preview:large","max-video-preview":"max-video-preview:-1"},"canonical":"https:\/\/ipcb.org.br\/index\/downloads\/","og_locale":"pt_BR","og_type":"article","og_title":"DOWNLOADS - IPCB","og_description":"Estat\u00edsticas Estat\u00edstica &#8211; Assembl\u00e9ia Geral CREDENCIAIS E RELAT\u00d3RIOS Credencial &#8211; Presbit\u00e9rio S\u00ednodo Credencial &#8211; Conselho Presbit\u00e9rio Credencial &#8211; Presbit\u00e9rio Assembleia Geral Estat\u00edstica Igreja Local &#8211; Modelo Relat\u00f3rio Ministerial &#8211; Modelo LOGOTIPOS Logotipo\u00a0(Corel Draw) Logotipo\u00a0(PNG) CATECISMO Catecismo para Crian\u00e7as Pequenas","og_url":"https:\/\/ipcb.org.br\/index\/downloads\/","og_site_name":"IPCB","article_publisher":"https:\/\/www.facebook.com\/igrejapresbiterianaconservadoradobrasil\/","article_modified_time":"2023-04-20T20:23:54+00:00","og_image":[{"url":"http:\/\/ipcb.org.br\/indexwp-content\/uploads\/2017\/12\/Logo_Home-a-150x150.png"}],"twitter_card":"summary_large_image","schema":{"@context":"https:\/\/schema.org","@graph":[{"@type":"WebPage","@id":"https:\/\/ipcb.org.br\/index\/downloads\/","url":"https:\/\/ipcb.org.br\/index\/downloads\/","name":"DOWNLOADS - IPCB","isPartOf":{"@id":"https:\/\/ipcb.org.br\/index\/#website"},"primaryImageOfPage":{"@id":"https:\/\/ipcb.org.br\/index\/downloads\/#primaryimage"},"image":{"@id":"https:\/\/ipcb.org.br\/index\/downloads\/#primaryimage"},"thumbnailUrl":"http:\/\/ipcb.org.br\/indexwp-content\/uploads\/2017\/12\/Logo_Home-a-150x150.png","datePublished":"2019-03-26T14:47:34+00:00","dateModified":"2023-04-20T20:23:54+00:00","breadcrumb":{"@id":"https:\/\/ipcb.org.br\/index\/downloads\/#breadcrumb"},"inLanguage":"pt-BR","potentialAction":[{"@type":"ReadAction","target":["https:\/\/ipcb.org.br\/index\/downloads\/"]}]},{"@type":"ImageObject","inLanguage":"pt-BR","@id":"https:\/\/ipcb.org.br\/index\/downloads\/#primaryimage","url":"http:\/\/ipcb.org.br\/indexwp-content\/uploads\/2017\/12\/Logo_Home-a-150x150.png","contentUrl":"http:\/\/ipcb.org.br\/indexwp-content\/uploads\/2017\/12\/Logo_Home-a-150x150.png"},{"@type":"BreadcrumbList","@id":"https:\/\/ipcb.org.br\/index\/downloads\/#breadcrumb","itemListElement":[{"@type":"ListItem","position":1,"name":"In\u00edcio","item":"https:\/\/ipcb.org.br\/index\/"},{"@type":"ListItem","position":2,"name":"DOWNLOADS"}]},{"@type":"WebSite","@id":"https:\/\/ipcb.org.br\/index\/#website","url":"https:\/\/ipcb.org.br\/index\/","name":"IPCB","description":"Igreja Presbiteriana Conservadora do Brasil","publisher":{"@id":"https:\/\/ipcb.org.br\/index\/#organization"},"potentialAction":[{"@type":"SearchAction","target":{"@type":"EntryPoint","urlTemplate":"https:\/\/ipcb.org.br\/index\/?s={search_term_string}"},"query-input":"required name=search_term_string"}],"inLanguage":"pt-BR"},{"@type":"Organization","@id":"https:\/\/ipcb.org.br\/index\/#organization","name":"Igreja Presbiteriana Conservadora","url":"https:\/\/ipcb.org.br\/index\/","logo":{"@type":"ImageObject","inLanguage":"pt-BR","@id":"https:\/\/ipcb.org.br\/index\/#\/schema\/logo\/image\/","url":"https:\/\/ipcb.org.br\/index\/wp-content\/uploads\/2019\/04\/Logo_IPCB-JPG.jpg","contentUrl":"https:\/\/ipcb.org.br\/index\/wp-content\/uploads\/2019\/04\/Logo_IPCB-JPG.jpg","width":2482,"height":2718,"caption":"Igreja Presbiteriana Conservadora"},"image":{"@id":"https:\/\/ipcb.org.br\/index\/#\/schema\/logo\/image\/"},"sameAs":["https:\/\/www.facebook.com\/igrejapresbiterianaconservadoradobrasil\/"]}]}},"_links":{"self":[{"href":"https:\/\/ipcb.org.br\/index\/wp-json\/wp\/v2\/pages\/3273"}],"collection":[{"href":"https:\/\/ipcb.org.br\/index\/wp-json\/wp\/v2\/pages"}],"about":[{"href":"https:\/\/ipcb.org.br\/index\/wp-json\/wp\/v2\/types\/page"}],"author":[{"embeddable":true,"href":"https:\/\/ipcb.org.br\/index\/wp-json\/wp\/v2\/users\/1"}],"replies":[{"embeddable":true,"href":"https:\/\/ipcb.org.br\/index\/wp-json\/wp\/v2\/comments?post=3273"}],"version-history":[{"count":10,"href":"https:\/\/ipcb.org.br\/index\/wp-json\/wp\/v2\/pages\/3273\/revisions"}],"predecessor-version":[{"id":5939,"href":"https:\/\/ipcb.org.br\/index\/wp-json\/wp\/v2\/pages\/3273\/revisions\/5939"}],"wp:attachment":[{"href":"https:\/\/ipcb.org.br\/index\/wp-json\/wp\/v2\/media?parent=3273"}],"curies":[{"name":"wp","href":"https:\/\/api.w.org\/{rel}","templated":true}]}}