{"id":3687,"date":"2019-06-19T23:23:30","date_gmt":"2019-06-19T23:23:30","guid":{"rendered":"https:\/\/www.ipcb.org.br\/index\/?page_id=3687"},"modified":"2024-10-18T15:30:10","modified_gmt":"2024-10-18T15:30:10","slug":"faleconosco","status":"publish","type":"page","link":"https:\/\/ipcb.org.br\/index\/faleconosco\/","title":{"rendered":"FALE CONOSCO"},"content":{"rendered":"<hr \/>\n<p>&nbsp;<\/p>\n<p><strong>PRESIDENTE DA ASSEMBLEIA GERAL<\/strong><\/p>\n<p>Reverendo\u00a0Welerson<\/p>\n<p>Endere\u00e7o para Correspond\u00eancia: Rua Santa Maria, 23, Riacho Grande<\/p>\n<p>S\u00e3o Bernardo do Campo &#8211; SP<\/p>\n<p>CEP:\u00a009.830-320<\/p>\n<p>Fone: (11) 4354-9952<\/p>\n<p>e-mail:\u00a0<a href=\"mailto:welerson@uol.com.br\">welerson@uol.com.br<\/a><\/p>\n<p><strong>\u00a0<\/strong><\/p>\n<p><strong>DIRETOR DO SEMIN\u00c1RIO PRESBITERIANO CONSERVADOR<\/strong><\/p>\n<p>Reverendo\u00a0Welerson<\/p>\n<p>Endere\u00e7o para Correspond\u00eancia: Rua Santa Maria, 23, Riacho Grande<\/p>\n<p>S\u00e3o Bernardo do Campo &#8211; SP<\/p>\n<p>CEP:\u00a009.830-320<\/p>\n<p>Fone: (11) 4354-9952<\/p>\n<p>e-mail:\u00a0<a href=\"mailto:welerson@uol.com.br\">welerson@uol.com.br<\/a><\/p>\n<p><strong>\u00a0<\/strong><strong>\u00a0<\/strong><\/p>\n<p><strong>REDATOR DO JORNAL<\/strong><\/p>\n<p>Reverendo Ronei Pacoto<\/p>\n<p>WhatsApp: (19) 9.8115-6510<\/p>\n<p>e-mail:\u00a0\u00a0jornalipcb@gmail.com ou pr.roney.ipc@gmail.com<\/p>\n<p>&nbsp;<\/p>\n<p>Doa\u00e7\u00f5es: Conta Corrente:<\/p>\n<p>Igreja Presbiteriana Conservadora do Brasil<\/p>\n<p>Banco Bradesco \u2013 Ag\u00eancia 0109 \u2013 S\u00e3o Bernardo do Campo-SP<\/p>\n<p>Conta n\u00ba 257218-4<\/p>\n<p>&nbsp;<\/p>\n<p><strong>WEBMASTER DA P\u00c1GINA DA IPCB<\/strong><\/p>\n<p>Reverendo Ronei Pacoto<\/p>\n<p>WhatsApp: (19) 9.8115-6510<\/p>\n<p>e-mail:\u00a0\u00a0jornalipcb@gmail.com ou pr.roney.ipc@gmail.com<\/p>\n<p><strong>\u00a0<\/strong><\/p>\n<p><strong>Doa\u00e7\u00f5es: Conta Corrente:<\/strong><\/p>\n<p>Igreja Presbiteriana Conservadora do Brasil<\/p>\n<p>Banco Bradesco \u2013 Ag\u00eancia 0109 \u2013 S\u00e3o Bernardo do Campo-SP<\/p>\n<p>Conta n\u00ba 257218-4<\/p>\n<p>Obs. Tesoureiro geral, Diretor do Dep. Mission. e Redator do Jornal permanece os mesmos<\/p>\n<p><strong>\u00a0<\/strong><\/p>\n<p><b>&#8230;&#8230;&#8230;&#8230;&#8230;&#8230;&#8230;&#8230;&#8230;&#8230;&#8230;&#8230;&#8230;&#8230;&#8230;&#8230;&#8230;&#8230;&#8230;&#8230;&#8230;&#8230;&#8230;&#8230;&#8230;&#8230;&#8230;&#8230;&#8230;&#8230;&#8230;&#8230;&#8230;&#8230;&#8230;&#8230;&#8230;&#8230;&#8230;&#8230;&#8230;&#8230;&#8230;&#8230;&#8230;&#8230;&#8230;..<\/b><\/p>\n<p><strong>\u00a0<\/strong><\/p>\n<p><strong>\u00a0<\/strong><strong>COMISS\u00d5ES PERMANENTES<\/strong><\/p>\n<p><strong>TRIBUNAL DE RECURSOS:<\/strong><\/p>\n<p><strong>TITULARES:<\/strong> Reverendos Fl\u00e1vio Ant\u00f4nio Alves da Costa, Fred Mark Ferreira Fagundes, Marcelo Ferreira da Silva; Presb\u00edteros: Wagner Hersmerdof Peres, Jorge Valentin Ara\u00fajo J\u00fanior, Sidnei Manoel dos Santos<\/p>\n<p>Contato: <a href=\"mailto:flavioaacosta@terra.com.br\">flavioaacosta@terra.com.br<\/a><\/p>\n<p><strong>SUPLENTES:<\/strong> Reverendos: Ronei Aparecido Pascoto, Luiz Carlos dos Santo, Ant\u00f4nio Carlos de Souza Lima, Pl\u00ednio Fernandes; Presb\u00edtero: D\u00e1rio Duarte dos Santos.<\/p>\n<p>____________________________________________<\/p>\n<p>&nbsp;<\/p>\n<p><strong>DOUTRINA:<\/strong><\/p>\n<p>Reverendos Welerson Alves Duarte, Edival Jos\u00e9 Vieira, M\u00e1rcio William Chaveiro; Presb\u00edtero: Ant\u00f4nio Carlos Andrade.<\/p>\n<p><strong>Contato: <\/strong><a href=\"mailto:welerson@uol.com.br\">welerson@uol.com.br<\/a><\/p>\n<p><strong>\u00a0<\/strong>___________________________________________<\/p>\n<p><strong>\u00a0<\/strong><\/p>\n<p><strong>PROCESSO:<\/strong><\/p>\n<p>Reverendos: Djalma Franco, Sandoval Santos Magalh\u00e3es, Wilson Francisco da Silva; Presb\u00edtero: Maur\u00edcio Franco Bomfim<\/p>\n<p><strong>Contato:<\/strong> <a href=\"mailto:pr.djalmafranco@hotmail.com\">pr.djalmafranco@hotmail.com<\/a><\/p>\n<p>____________________________________________<\/p>\n<p>&nbsp;<\/p>\n<p><strong>INTERECLESI\u00c1STICA: <\/strong><\/p>\n<p>Reverendos Welerson Alves Duarte, M\u00e1rcio William Chaveiro e Jos\u00e9 Paulo Brocco<\/p>\n<p><strong>Contato: <\/strong><a href=\"mailto:welerson@uol.com.br\">welerson@uol.com.br<\/a><\/p>\n<p>____________________________________________<\/p>\n<p>&nbsp;<\/p>\n<p><strong>COMISS\u00c3O DE AUDITORIA:<\/strong><\/p>\n<p>Presb\u00edtero: Marcelo da Silva Batista (contador)<\/p>\n<p>Di\u00e1cono: Anderson Cristino da Silva Rai\u00e7a (auditor junto ao Sebrae)<\/p>\n<p>Presb\u00edtero: Christiano Mendon\u00e7a de Carvalho (contador) Presb\u00edtero: Jos\u00e9 Tadeu Soares<\/p>\n<p>Rev. Sandoval Santos Magalh\u00e3es<\/p>\n<p>____________________________________________<\/p>\n<p>&nbsp;<\/p>\n<p><strong>COMISS\u00c3O PARA A AVALIA\u00c7\u00c3O DA PROPOSTA DE ADEQUA\u00c7\u00c3O DO REGULAMENTO DA DIRETORIA DO SEMIN\u00c1RIO: <\/strong><strong>(<\/strong>parecer a ser apresentado na reuni\u00e3o ordin\u00e1ria de 2018 da Comiss\u00e3o Executiva da AG)<\/p>\n<ul>\n<li>Rev. Welerson Alves Duarte<\/li>\n<li>Rev. Djalma Franco<\/li>\n<li>Rev. M\u00e1rcio Chaveiro<\/li>\n<li>Rev. Marcos Vin\u00edcio<\/li>\n<li>Presb. D\u00e1rio Duarte do Santos<\/li>\n<li>Presb. Licurgo Alves Ferreira Neto<\/li>\n<\/ul>\n<p>&nbsp;<\/p>\n<p><strong>Contato: <\/strong><a href=\"mailto:welerson@uol.com.br\">welerson@uol.com.br<\/a><\/p>\n<p>____________________________________________<\/p>\n<p>&nbsp;<\/p>\n<p><strong>COMISS\u00c3O PARA REVER E REFORMAR O ESTATUDO DO DEPARTAMENTO MISSION\u00c1RIO:<\/strong> (anteprojeto a ser apresentado na reuni\u00e3o ordin\u00e1ria de 2018 da Comiss\u00e3o Executiva da AG com poder da executiva para aprov\u00e1-lo)<\/p>\n<ul>\n<li>Rev. Fl\u00e1vio Ant\u00f4nio Alves da Costa<\/li>\n<li>Rev; Claudinei Rodrigues de Oliveira<\/li>\n<li>Rev.Ricardo Souza Alves<\/li>\n<li>Rev. Givaldo de Jesus Santana<\/li>\n<\/ul>\n<p>&nbsp;<\/p>\n<p>Contato: <a href=\"mailto:flavioaacosta@terra.com.br\">flavioaacosta@terra.com.br<\/a><\/p>\n<p>____________________________________________<\/p>\n<p><strong>\u00a0<\/strong><\/p>\n<p><strong>REPRESENTANTES DOS S\u00cdNODOS NA COMISS\u00c3O EXECUTIVA DA AG:<\/strong><\/p>\n<p>&nbsp;<\/p>\n<p><strong>SINODO SUDESTE<\/strong><\/p>\n<p><strong>Presidente: Rev. Fl\u00e1vio Ant\u00f4nio Alves da Costa<\/strong><\/p>\n<p>Contato: <a href=\"mailto:flavioaacosta@terra.com.br\">flavioaacosta@terra.com.br<\/a><\/p>\n<p><strong>\u00a0<\/strong><\/p>\n<ul>\n<li>Rev. Eliel<\/li>\n<li>Rev. Rodigro Fornasier Pereira<\/li>\n<li>Presb. Jurandir Alves dos Santos<\/li>\n<li>Presb. Sidnei<\/li>\n<li>Rev. Ant\u00f4nio Rodrigues de Lima (Suplente)<\/li>\n<li>Presb. Andrade (Suplente)<\/li>\n<\/ul>\n<p>____________________________________________<\/p>\n<p><strong>\u00a0<\/strong><\/p>\n<p><strong>SINODO CENTRO OESTE (2023-2025)<\/strong><\/p>\n<p><strong>Presidente: Rev. Ricardo Alves de Souza<\/strong><\/p>\n<ul>\n<li>Vice Presidente: Rev. M\u00e1rcio Wilian Chaveiro<\/li>\n<li>1\u00b0 Secret\u00e1rio: Presb. Ivanildo Ribeiro<\/li>\n<li>2\u00b0 Secret\u00e1rio: Rev. Roney Pascoto<\/li>\n<li>Tesoureiro: Presb. Ocimar<\/li>\n<li>Secret\u00e1rio Permanente: Rev. Francis<\/li>\n<\/ul>\n","protected":false},"excerpt":{"rendered":"<p>&nbsp; PRESIDENTE DA ASSEMBLEIA GERAL Reverendo\u00a0Welerson Endere\u00e7o para Correspond\u00eancia: Rua Santa Maria, 23, Riacho Grande S\u00e3o Bernardo do Campo &#8211; SP CEP:\u00a009.830-320 Fone: (11) 4354-9952 e-mail:\u00a0welerson@uol.com.br \u00a0 DIRETOR DO SEMIN\u00c1RIO PRESBITERIANO CONSERVADOR Reverendo\u00a0Welerson Endere\u00e7o para Correspond\u00eancia: Rua Santa Maria, 23, Riacho Grande S\u00e3o Bernardo do Campo &#8211; SP CEP:\u00a009.830-320 Fone: (11) 4354-9952 e-mail:\u00a0welerson@uol.com.br \u00a0\u00a0 REDATOR DO JORNAL Reverendo Ronei Pacoto WhatsApp: (19) 9.8115-6510 e-mail:\u00a0\u00a0jornalipcb@gmail.com ou pr.roney.ipc@gmail.com &nbsp; Doa\u00e7\u00f5es: Conta Corrente: Igreja Presbiteriana Conservadora do Brasil Banco Bradesco \u2013 Ag\u00eancia 0109 \u2013 S\u00e3o Bernardo do Campo-SP Conta n\u00ba 257218-4 &nbsp; WEBMASTER DA P\u00c1GINA DA IPCB Reverendo Ronei Pacoto WhatsApp: (19) 9.8115-6510 e-mail:\u00a0\u00a0jornalipcb@gmail.com ou pr.roney.ipc@gmail.com \u00a0 Doa\u00e7\u00f5es: Conta Corrente: Igreja Presbiteriana Conservadora do Brasil Banco Bradesco \u2013 Ag\u00eancia 0109 \u2013 S\u00e3o Bernardo do Campo-SP Conta n\u00ba 257218-4 Obs. Tesoureiro geral, Diretor do Dep. Mission. e Redator do Jornal permanece os mesmos \u00a0 &#8230;&#8230;&#8230;&#8230;&#8230;&#8230;&#8230;&#8230;&#8230;&#8230;&#8230;&#8230;&#8230;&#8230;&#8230;&#8230;&#8230;&#8230;&#8230;&#8230;&#8230;&#8230;&#8230;&#8230;&#8230;&#8230;&#8230;&#8230;&#8230;&#8230;&#8230;&#8230;&#8230;&#8230;&#8230;&#8230;&#8230;&#8230;&#8230;&#8230;&#8230;&#8230;&#8230;&#8230;&#8230;&#8230;&#8230;.. \u00a0 \u00a0COMISS\u00d5ES PERMANENTES TRIBUNAL DE RECURSOS: TITULARES: Reverendos Fl\u00e1vio<span class=\"excerpt-hellip\"> [\u2026]<\/span><\/p>\n","protected":false},"author":1,"featured_media":0,"parent":0,"menu_order":0,"comment_status":"closed","ping_status":"closed","template":"","meta":{"footnotes":""},"yoast_head":"<!-- This site is optimized with the Yoast SEO plugin v22.6 - https:\/\/yoast.com\/wordpress\/plugins\/seo\/ -->\n<title>FALE CONOSCO - IPCB<\/title>\n<meta name=\"robots\" content=\"index, follow, max-snippet:-1, max-image-preview:large, max-video-preview:-1\" \/>\n<link rel=\"canonical\" href=\"https:\/\/ipcb.org.br\/index\/faleconosco\/\" \/>\n<meta property=\"og:locale\" content=\"pt_BR\" \/>\n<meta property=\"og:type\" content=\"article\" \/>\n<meta property=\"og:title\" content=\"FALE CONOSCO - IPCB\" \/>\n<meta property=\"og:description\" content=\"&nbsp; PRESIDENTE DA ASSEMBLEIA GERAL Reverendo\u00a0Welerson Endere\u00e7o para Correspond\u00eancia: Rua Santa Maria, 23, Riacho Grande S\u00e3o Bernardo do Campo &#8211; SP CEP:\u00a009.830-320 Fone: (11) 4354-9952 e-mail:\u00a0welerson@uol.com.br \u00a0 DIRETOR DO SEMIN\u00c1RIO PRESBITERIANO CONSERVADOR Reverendo\u00a0Welerson Endere\u00e7o para Correspond\u00eancia: Rua Santa Maria, 23, Riacho Grande S\u00e3o Bernardo do Campo &#8211; SP CEP:\u00a009.830-320 Fone: (11) 4354-9952 e-mail:\u00a0welerson@uol.com.br \u00a0\u00a0 REDATOR DO JORNAL Reverendo Ronei Pacoto WhatsApp: (19) 9.8115-6510 e-mail:\u00a0\u00a0jornalipcb@gmail.com ou pr.roney.ipc@gmail.com &nbsp; Doa\u00e7\u00f5es: Conta Corrente: Igreja Presbiteriana Conservadora do Brasil Banco Bradesco \u2013 Ag\u00eancia 0109 \u2013 S\u00e3o Bernardo do Campo-SP Conta n\u00ba 257218-4 &nbsp; WEBMASTER DA P\u00c1GINA DA IPCB Reverendo Ronei Pacoto WhatsApp: (19) 9.8115-6510 e-mail:\u00a0\u00a0jornalipcb@gmail.com ou pr.roney.ipc@gmail.com \u00a0 Doa\u00e7\u00f5es: Conta Corrente: Igreja Presbiteriana Conservadora do Brasil Banco Bradesco \u2013 Ag\u00eancia 0109 \u2013 S\u00e3o Bernardo do Campo-SP Conta n\u00ba 257218-4 Obs. Tesoureiro geral, Diretor do Dep. Mission. e Redator do Jornal permanece os mesmos \u00a0 &#8230;&#8230;&#8230;&#8230;&#8230;&#8230;&#8230;&#8230;&#8230;&#8230;&#8230;&#8230;&#8230;&#8230;&#8230;&#8230;&#8230;&#8230;&#8230;&#8230;&#8230;&#8230;&#8230;&#8230;&#8230;&#8230;&#8230;&#8230;&#8230;&#8230;&#8230;&#8230;&#8230;&#8230;&#8230;&#8230;&#8230;&#8230;&#8230;&#8230;&#8230;&#8230;&#8230;&#8230;&#8230;&#8230;&#8230;.. \u00a0 \u00a0COMISS\u00d5ES PERMANENTES TRIBUNAL DE RECURSOS: TITULARES: Reverendos Fl\u00e1vio [\u2026]\" \/>\n<meta property=\"og:url\" content=\"https:\/\/ipcb.org.br\/index\/faleconosco\/\" \/>\n<meta property=\"og:site_name\" content=\"IPCB\" \/>\n<meta property=\"article:publisher\" content=\"https:\/\/www.facebook.com\/igrejapresbiterianaconservadoradobrasil\/\" \/>\n<meta property=\"article:modified_time\" content=\"2024-10-18T15:30:10+00:00\" \/>\n<meta name=\"twitter:card\" content=\"summary_large_image\" \/>\n<meta name=\"twitter:label1\" content=\"Est. tempo de leitura\" \/>\n\t<meta name=\"twitter:data1\" content=\"3 minutos\" \/>\n<script type=\"application\/ld+json\" class=\"yoast-schema-graph\">{\"@context\":\"https:\/\/schema.org\",\"@graph\":[{\"@type\":\"WebPage\",\"@id\":\"https:\/\/ipcb.org.br\/index\/faleconosco\/\",\"url\":\"https:\/\/ipcb.org.br\/index\/faleconosco\/\",\"name\":\"FALE CONOSCO - IPCB\",\"isPartOf\":{\"@id\":\"https:\/\/ipcb.org.br\/index\/#website\"},\"datePublished\":\"2019-06-19T23:23:30+00:00\",\"dateModified\":\"2024-10-18T15:30:10+00:00\",\"breadcrumb\":{\"@id\":\"https:\/\/ipcb.org.br\/index\/faleconosco\/#breadcrumb\"},\"inLanguage\":\"pt-BR\",\"potentialAction\":[{\"@type\":\"ReadAction\",\"target\":[\"https:\/\/ipcb.org.br\/index\/faleconosco\/\"]}]},{\"@type\":\"BreadcrumbList\",\"@id\":\"https:\/\/ipcb.org.br\/index\/faleconosco\/#breadcrumb\",\"itemListElement\":[{\"@type\":\"ListItem\",\"position\":1,\"name\":\"In\u00edcio\",\"item\":\"https:\/\/ipcb.org.br\/index\/\"},{\"@type\":\"ListItem\",\"position\":2,\"name\":\"FALE CONOSCO\"}]},{\"@type\":\"WebSite\",\"@id\":\"https:\/\/ipcb.org.br\/index\/#website\",\"url\":\"https:\/\/ipcb.org.br\/index\/\",\"name\":\"IPCB\",\"description\":\"Igreja Presbiteriana Conservadora do Brasil\",\"publisher\":{\"@id\":\"https:\/\/ipcb.org.br\/index\/#organization\"},\"potentialAction\":[{\"@type\":\"SearchAction\",\"target\":{\"@type\":\"EntryPoint\",\"urlTemplate\":\"https:\/\/ipcb.org.br\/index\/?s={search_term_string}\"},\"query-input\":\"required name=search_term_string\"}],\"inLanguage\":\"pt-BR\"},{\"@type\":\"Organization\",\"@id\":\"https:\/\/ipcb.org.br\/index\/#organization\",\"name\":\"Igreja Presbiteriana Conservadora\",\"url\":\"https:\/\/ipcb.org.br\/index\/\",\"logo\":{\"@type\":\"ImageObject\",\"inLanguage\":\"pt-BR\",\"@id\":\"https:\/\/ipcb.org.br\/index\/#\/schema\/logo\/image\/\",\"url\":\"https:\/\/ipcb.org.br\/index\/wp-content\/uploads\/2019\/04\/Logo_IPCB-JPG.jpg\",\"contentUrl\":\"https:\/\/ipcb.org.br\/index\/wp-content\/uploads\/2019\/04\/Logo_IPCB-JPG.jpg\",\"width\":2482,\"height\":2718,\"caption\":\"Igreja Presbiteriana Conservadora\"},\"image\":{\"@id\":\"https:\/\/ipcb.org.br\/index\/#\/schema\/logo\/image\/\"},\"sameAs\":[\"https:\/\/www.facebook.com\/igrejapresbiterianaconservadoradobrasil\/\"]}]}<\/script>\n<!-- \/ Yoast SEO plugin. -->","yoast_head_json":{"title":"FALE CONOSCO - IPCB","robots":{"index":"index","follow":"follow","max-snippet":"max-snippet:-1","max-image-preview":"max-image-preview:large","max-video-preview":"max-video-preview:-1"},"canonical":"https:\/\/ipcb.org.br\/index\/faleconosco\/","og_locale":"pt_BR","og_type":"article","og_title":"FALE CONOSCO - IPCB","og_description":"&nbsp; PRESIDENTE DA ASSEMBLEIA GERAL Reverendo\u00a0Welerson Endere\u00e7o para Correspond\u00eancia: Rua Santa Maria, 23, Riacho Grande S\u00e3o Bernardo do Campo &#8211; SP CEP:\u00a009.830-320 Fone: (11) 4354-9952 e-mail:\u00a0welerson@uol.com.br \u00a0 DIRETOR DO SEMIN\u00c1RIO PRESBITERIANO CONSERVADOR Reverendo\u00a0Welerson Endere\u00e7o para Correspond\u00eancia: Rua Santa Maria, 23, Riacho Grande S\u00e3o Bernardo do Campo &#8211; SP CEP:\u00a009.830-320 Fone: (11) 4354-9952 e-mail:\u00a0welerson@uol.com.br \u00a0\u00a0 REDATOR DO JORNAL Reverendo Ronei Pacoto WhatsApp: (19) 9.8115-6510 e-mail:\u00a0\u00a0jornalipcb@gmail.com ou pr.roney.ipc@gmail.com &nbsp; Doa\u00e7\u00f5es: Conta Corrente: Igreja Presbiteriana Conservadora do Brasil Banco Bradesco \u2013 Ag\u00eancia 0109 \u2013 S\u00e3o Bernardo do Campo-SP Conta n\u00ba 257218-4 &nbsp; WEBMASTER DA P\u00c1GINA DA IPCB Reverendo Ronei Pacoto WhatsApp: (19) 9.8115-6510 e-mail:\u00a0\u00a0jornalipcb@gmail.com ou pr.roney.ipc@gmail.com \u00a0 Doa\u00e7\u00f5es: Conta Corrente: Igreja Presbiteriana Conservadora do Brasil Banco Bradesco \u2013 Ag\u00eancia 0109 \u2013 S\u00e3o Bernardo do Campo-SP Conta n\u00ba 257218-4 Obs. Tesoureiro geral, Diretor do Dep. Mission. e Redator do Jornal permanece os mesmos \u00a0 &#8230;&#8230;&#8230;&#8230;&#8230;&#8230;&#8230;&#8230;&#8230;&#8230;&#8230;&#8230;&#8230;&#8230;&#8230;&#8230;&#8230;&#8230;&#8230;&#8230;&#8230;&#8230;&#8230;&#8230;&#8230;&#8230;&#8230;&#8230;&#8230;&#8230;&#8230;&#8230;&#8230;&#8230;&#8230;&#8230;&#8230;&#8230;&#8230;&#8230;&#8230;&#8230;&#8230;&#8230;&#8230;&#8230;&#8230;.. \u00a0 \u00a0COMISS\u00d5ES PERMANENTES TRIBUNAL DE RECURSOS: TITULARES: Reverendos Fl\u00e1vio [\u2026]","og_url":"https:\/\/ipcb.org.br\/index\/faleconosco\/","og_site_name":"IPCB","article_publisher":"https:\/\/www.facebook.com\/igrejapresbiterianaconservadoradobrasil\/","article_modified_time":"2024-10-18T15:30:10+00:00","twitter_card":"summary_large_image","twitter_misc":{"Est. tempo de leitura":"3 minutos"},"schema":{"@context":"https:\/\/schema.org","@graph":[{"@type":"WebPage","@id":"https:\/\/ipcb.org.br\/index\/faleconosco\/","url":"https:\/\/ipcb.org.br\/index\/faleconosco\/","name":"FALE CONOSCO - IPCB","isPartOf":{"@id":"https:\/\/ipcb.org.br\/index\/#website"},"datePublished":"2019-06-19T23:23:30+00:00","dateModified":"2024-10-18T15:30:10+00:00","breadcrumb":{"@id":"https:\/\/ipcb.org.br\/index\/faleconosco\/#breadcrumb"},"inLanguage":"pt-BR","potentialAction":[{"@type":"ReadAction","target":["https:\/\/ipcb.org.br\/index\/faleconosco\/"]}]},{"@type":"BreadcrumbList","@id":"https:\/\/ipcb.org.br\/index\/faleconosco\/#breadcrumb","itemListElement":[{"@type":"ListItem","position":1,"name":"In\u00edcio","item":"https:\/\/ipcb.org.br\/index\/"},{"@type":"ListItem","position":2,"name":"FALE CONOSCO"}]},{"@type":"WebSite","@id":"https:\/\/ipcb.org.br\/index\/#website","url":"https:\/\/ipcb.org.br\/index\/","name":"IPCB","description":"Igreja Presbiteriana Conservadora do Brasil","publisher":{"@id":"https:\/\/ipcb.org.br\/index\/#organization"},"potentialAction":[{"@type":"SearchAction","target":{"@type":"EntryPoint","urlTemplate":"https:\/\/ipcb.org.br\/index\/?s={search_term_string}"},"query-input":"required name=search_term_string"}],"inLanguage":"pt-BR"},{"@type":"Organization","@id":"https:\/\/ipcb.org.br\/index\/#organization","name":"Igreja Presbiteriana Conservadora","url":"https:\/\/ipcb.org.br\/index\/","logo":{"@type":"ImageObject","inLanguage":"pt-BR","@id":"https:\/\/ipcb.org.br\/index\/#\/schema\/logo\/image\/","url":"https:\/\/ipcb.org.br\/index\/wp-content\/uploads\/2019\/04\/Logo_IPCB-JPG.jpg","contentUrl":"https:\/\/ipcb.org.br\/index\/wp-content\/uploads\/2019\/04\/Logo_IPCB-JPG.jpg","width":2482,"height":2718,"caption":"Igreja Presbiteriana Conservadora"},"image":{"@id":"https:\/\/ipcb.org.br\/index\/#\/schema\/logo\/image\/"},"sameAs":["https:\/\/www.facebook.com\/igrejapresbiterianaconservadoradobrasil\/"]}]}},"_links":{"self":[{"href":"https:\/\/ipcb.org.br\/index\/wp-json\/wp\/v2\/pages\/3687"}],"collection":[{"href":"https:\/\/ipcb.org.br\/index\/wp-json\/wp\/v2\/pages"}],"about":[{"href":"https:\/\/ipcb.org.br\/index\/wp-json\/wp\/v2\/types\/page"}],"author":[{"embeddable":true,"href":"https:\/\/ipcb.org.br\/index\/wp-json\/wp\/v2\/users\/1"}],"replies":[{"embeddable":true,"href":"https:\/\/ipcb.org.br\/index\/wp-json\/wp\/v2\/comments?post=3687"}],"version-history":[{"count":5,"href":"https:\/\/ipcb.org.br\/index\/wp-json\/wp\/v2\/pages\/3687\/revisions"}],"predecessor-version":[{"id":6315,"href":"https:\/\/ipcb.org.br\/index\/wp-json\/wp\/v2\/pages\/3687\/revisions\/6315"}],"wp:attachment":[{"href":"https:\/\/ipcb.org.br\/index\/wp-json\/wp\/v2\/media?parent=3687"}],"curies":[{"name":"wp","href":"https:\/\/api.w.org\/{rel}","templated":true}]}}